{"id":126,"date":"2015-09-28T15:00:54","date_gmt":"2015-09-28T13:00:54","guid":{"rendered":"http:\/\/www.xn--billigstrm-8cb.no\/?page_id=126"},"modified":"2018-10-29T21:31:01","modified_gmt":"2018-10-29T20:31:01","slug":"nettleie-en-betydelig-del-av-prisen","status":"publish","type":"page","link":"https:\/\/xn--billigststrm-5jb.no\/?page_id=126","title":{"rendered":"Nettleie &#8211; en betydelig del av prisen"},"content":{"rendered":"<p>Str\u00f8m er for tiden relativt rimelig, spesielt om du har en <a href=\"https:\/\/www.kraftavtaler.no\/?page_id=52\">god str\u00f8mavtale<\/a>. Imidlertid best\u00e5r str\u00f8mregningen ikke bare av prisen p\u00e5 selve str\u00f8mmen &#8211;\u00a0du m\u00e5 ogs\u00e5 betale nettleie; oftest b\u00e5de i form av en fast m\u00e5nedspris samt en variabel pris per kWh.<\/p>\n<p>Nettleie kommer oftest p\u00e5 samme faktura som selve str\u00f8mmen, slik at du slipper\u00a0\u00e5 f\u00e5 mer enn \u00e9n faktura. Str\u00f8mleverand\u00f8ren sender bel\u00f8pet videre til din netteier,\u00a0som\u00a0f\u00e5r betalt for kostnadene de har med \u00e5 frakte str\u00f8mmen hjem til deg. I tillegg dekker nettleien drift og vedlikehold av ledningsnettet og str\u00f8mm\u00e5lere samt offentlige avgifter.<\/p>\n<p>Grunnet store behov for investeringer i kraftnettet og utrulling av &laquo;smarte&raquo; str\u00f8mm\u00e5lere, s\u00e5kalte AMS-m\u00e5lere, forventes nettleien \u00e5 \u00f8ke betydelig i \u00e5rene som kommer. \u2013 For en gjennomsnittlig str\u00f8mkunde vil nettleien \u00f8ke med 25 prosent, sier avdelingsdirekt\u00f8r i NVE Ove Flataker til E24.<\/p>\n<p>Dersom dette anslaget viser seg \u00e5 stemme, vil en gjennomsnittlig str\u00f8mkunde med et \u00e5rlig forbruk p\u00e5 20 000 kilowattimer m\u00e5tte betale nesten 2500 kroner mer i nettleie enn ved dagens prisniv\u00e5.<\/p>\n<p><strong>Om nettleie<\/strong><\/p>\n<ul>\n<li><b><strong>Nettleie <\/strong><\/b>er prisen du betaler for \u00e5 f\u00e5 overf\u00f8rt str\u00f8m til boligen\/fritidsboligen din.<\/li>\n<li><b>Netteier <\/b>krever dessuten inn avgifter for staten; avgift til Enova, forbruksavgift og mva.<\/li>\n<li><b>Nettleien <\/b><strong>kommer i tillegg <\/strong>til kraftprisen (det du betaler for str\u00f8mmen\u00a0fra din kraftleverand\u00f8r).<\/li>\n<li><b>Vanligvis best\u00e5r<\/b> nettleien av et fastledd (kronebel\u00f8p per \u00e5r) og et energiledd (\u00f8rebel\u00f8p per kWh).<\/li>\n<li><b>Fastleddet er<\/b> et abonnement for \u00e5 f\u00e5 tilgang til str\u00f8m levert over str\u00f8mnettet. Variabelt ledd er et forbruksjustert ledd som avhenger av antall kilowattimer du bruker.<\/li>\n<li><b>Energileddet skal<\/b> dekke tapskostnadene i nettet og kan ogs\u00e5 dekke deler av de faste kostnadene til nettselskapene. Fastleddet skal dekke m\u00e5ling og faktureringskostnadene og resten av nettselskapets kostnader som ikke dekkes av energileddet.<\/li>\n<li><b>Det er hvor mye<\/b> kundens maksimalt kan belaste kraftnettet som er den mest relevante fordeling av nettselskapet faste kostnader. Dette er gitt gjennom kundens hovedsikring.<\/li>\n<li><b>Nettselskapene har<\/b> monopol p\u00e5 overf\u00f8ring av str\u00f8m innenfor sine forsyningsomr\u00e5der, og er derfor regulert av myndighetene.<\/li>\n<li><b>Nettselskapene kan<\/b> velge forskjellig fordeling mellom fastledd og energiledd.<\/li>\n<li><b>Nettleien skal<\/b> gi nettselskapet inntekter til dekning av kostnadene ved transport av str\u00f8m, gitt effektiv drift, utnyttelse og utvikling av nettet.<\/li>\n<li><b>Nettleien skal<\/b> i st\u00f8rst mulig grad reflektere kostnadene i overf\u00f8ringsnettet.<\/li>\n<li><b>Det er nettselskapet<\/b> selv som fastsetter nettleien, men NVE kontrollerer at inntekten nettselskapet henter inn gjennom nettleien ikke er h\u00f8yere enn det nettselskapet totalt har lov til \u00e5 ta seg betalt fra sine kunder.<\/li>\n<li><b>Hvis nettselskapet<\/b> krever inn for mye i nettleie ett \u00e5r, skal dette betales tilbake til kundene gjennom lavere nettleie i p\u00e5f\u00f8lgende \u00e5r.<\/li>\n<\/ul>\n<p><em>Kilde:\u00a0E24<\/em><\/p>\n","protected":false},"excerpt":{"rendered":"<p>Str\u00f8m er for tiden relativt rimelig, spesielt om du har en god str\u00f8mavtale. Imidlertid best\u00e5r str\u00f8mregningen ikke bare av prisen p\u00e5 selve str\u00f8mmen &#8211;\u00a0du m\u00e5 ogs\u00e5 betale nettleie; oftest b\u00e5de i form av en fast m\u00e5nedspris samt en variabel pris &hellip; <a href=\"https:\/\/xn--billigststrm-5jb.no\/?page_id=126\">Les videre <span class=\"meta-nav\">&rarr;<\/span><\/a><\/p>\n","protected":false},"author":1,"featured_media":0,"parent":30,"menu_order":0,"comment_status":"closed","ping_status":"closed","template":"","meta":{"footnotes":""},"aioseo_notices":[],"_links":{"self":[{"href":"https:\/\/xn--billigststrm-5jb.no\/index.php?rest_route=\/wp\/v2\/pages\/126"}],"collection":[{"href":"https:\/\/xn--billigststrm-5jb.no\/index.php?rest_route=\/wp\/v2\/pages"}],"about":[{"href":"https:\/\/xn--billigststrm-5jb.no\/index.php?rest_route=\/wp\/v2\/types\/page"}],"author":[{"embeddable":true,"href":"https:\/\/xn--billigststrm-5jb.no\/index.php?rest_route=\/wp\/v2\/users\/1"}],"replies":[{"embeddable":true,"href":"https:\/\/xn--billigststrm-5jb.no\/index.php?rest_route=%2Fwp%2Fv2%2Fcomments&post=126"}],"version-history":[{"count":3,"href":"https:\/\/xn--billigststrm-5jb.no\/index.php?rest_route=\/wp\/v2\/pages\/126\/revisions"}],"predecessor-version":[{"id":219,"href":"https:\/\/xn--billigststrm-5jb.no\/index.php?rest_route=\/wp\/v2\/pages\/126\/revisions\/219"}],"up":[{"embeddable":true,"href":"https:\/\/xn--billigststrm-5jb.no\/index.php?rest_route=\/wp\/v2\/pages\/30"}],"wp:attachment":[{"href":"https:\/\/xn--billigststrm-5jb.no\/index.php?rest_route=%2Fwp%2Fv2%2Fmedia&parent=126"}],"curies":[{"name":"wp","href":"https:\/\/api.w.org\/{rel}","templated":true}]}}