{"id":130,"date":"2015-11-02T13:30:48","date_gmt":"2015-11-02T12:30:48","guid":{"rendered":"http:\/\/www.xn--billigstrm-8cb.no\/?page_id=130"},"modified":"2018-12-19T10:11:16","modified_gmt":"2018-12-19T09:11:16","slug":"agva-kraft","status":"publish","type":"page","link":"https:\/\/xn--billigststrm-5jb.no\/?page_id=130","title":{"rendered":"Agva Kraft"},"content":{"rendered":"<p><span class=\"s1\">Agva Kraft en str\u00f8mleverand\u00f8r som satser p\u00e5 privatmarkedet med rimelig og 100% fornybar energi.<\/span>\u00a0Agva \u00f8nsker \u00e5 v\u00e6re prisledende og tilby enkle og rimelige l\u00f8sninger. Du kan bestille str\u00f8m p\u00e5 under ett minutt, og Agva tar seg av resten.\u00a0Blir du kunde hos\u00a0Agva Kraft f\u00e5r du en\u00a0str\u00f8mleverand\u00f8r som blant annet kan skilte med:<\/p>\n<ul>\n<li>100% fornybar energi inkludert i prisen!<\/li>\n<li>Billigst i forbrukerr\u00e5dets sammenligning!<\/li>\n<\/ul>\n<p>Agva tilbyr en rekke forskjellige str\u00f8mavtaler, eksempelvis f\u00f8lgende:<\/p>\n<p><a href=\"https:\/\/online.adservicemedia.dk\/cgi-bin\/click.pl?bid=712084&amp;media_id=7861\" target=\"_blank\" rel=\"noopener noreferrer\">Agva Kraft Spot Valgfri Kampanje:<\/a> Spotpris uten m\u00e5nedsgebyr og bindingstid. Negativt p\u00e5slag (&laquo;sponset str\u00f8m&raquo;) i kampanjeperioden. Fornybar energi som inkluderer lovp\u00e5lagte elsertifikatkostnader.<\/p>\n<p>Agva Fast 1 \u00e5r: Forutsigbarhet med fast str\u00f8mpris i avtaleperioden. Fornybar energi, forskuddsvis betaling\u00a0uten m\u00e5nedsgebyr.<\/p>\n<p><a href=\"https:\/\/online.adservicemedia.dk\/cgi-bin\/click.pl?bid=712084&amp;media_id=7861\" target=\"_blank\" rel=\"noopener noreferrer\"><img decoding=\"async\" loading=\"lazy\" class=\"aligncenter wp-image-195\" src=\"https:\/\/www.kraftavtaler.no\/wp-content\/uploads\/2015\/11\/agva-300x37.png\" alt=\"Agva Kraft\" width=\"568\" height=\"70\" srcset=\"https:\/\/xn--billigststrm-5jb.no\/wp-content\/uploads\/2015\/11\/agva-300x37.png 300w, https:\/\/xn--billigststrm-5jb.no\/wp-content\/uploads\/2015\/11\/agva.png 728w\" sizes=\"(max-width: 568px) 100vw, 568px\" \/><\/a><\/p>\n<p>&nbsp;<\/p>\n","protected":false},"excerpt":{"rendered":"<p>Agva Kraft en str\u00f8mleverand\u00f8r som satser p\u00e5 privatmarkedet med rimelig og 100% fornybar energi.\u00a0Agva \u00f8nsker \u00e5 v\u00e6re prisledende og tilby enkle og rimelige l\u00f8sninger. Du kan bestille str\u00f8m p\u00e5 under ett minutt, og Agva tar seg av resten.\u00a0Blir du kunde &hellip; <a href=\"https:\/\/xn--billigststrm-5jb.no\/?page_id=130\">Les videre <span class=\"meta-nav\">&rarr;<\/span><\/a><\/p>\n","protected":false},"author":1,"featured_media":0,"parent":52,"menu_order":0,"comment_status":"closed","ping_status":"closed","template":"","meta":{"footnotes":""},"aioseo_notices":[],"_links":{"self":[{"href":"https:\/\/xn--billigststrm-5jb.no\/index.php?rest_route=\/wp\/v2\/pages\/130"}],"collection":[{"href":"https:\/\/xn--billigststrm-5jb.no\/index.php?rest_route=\/wp\/v2\/pages"}],"about":[{"href":"https:\/\/xn--billigststrm-5jb.no\/index.php?rest_route=\/wp\/v2\/types\/page"}],"author":[{"embeddable":true,"href":"https:\/\/xn--billigststrm-5jb.no\/index.php?rest_route=\/wp\/v2\/users\/1"}],"replies":[{"embeddable":true,"href":"https:\/\/xn--billigststrm-5jb.no\/index.php?rest_route=%2Fwp%2Fv2%2Fcomments&post=130"}],"version-history":[{"count":17,"href":"https:\/\/xn--billigststrm-5jb.no\/index.php?rest_route=\/wp\/v2\/pages\/130\/revisions"}],"predecessor-version":[{"id":224,"href":"https:\/\/xn--billigststrm-5jb.no\/index.php?rest_route=\/wp\/v2\/pages\/130\/revisions\/224"}],"up":[{"embeddable":true,"href":"https:\/\/xn--billigststrm-5jb.no\/index.php?rest_route=\/wp\/v2\/pages\/52"}],"wp:attachment":[{"href":"https:\/\/xn--billigststrm-5jb.no\/index.php?rest_route=%2Fwp%2Fv2%2Fmedia&parent=130"}],"curies":[{"name":"wp","href":"https:\/\/api.w.org\/{rel}","templated":true}]}}