{"id":205,"date":"2018-05-22T22:00:21","date_gmt":"2018-05-22T20:00:21","guid":{"rendered":"http:\/\/www.xn--billigstrm-8cb.no\/?page_id=205"},"modified":"2018-05-22T22:00:21","modified_gmt":"2018-05-22T20:00:21","slug":"eidsiva-energi","status":"publish","type":"page","link":"https:\/\/xn--billigststrm-5jb.no\/?page_id=205","title":{"rendered":"Eidsiva Energi"},"content":{"rendered":"<p>Eidsiva Energi er en nasjonal str\u00f8mleverand\u00f8r med hovedsete p\u00e5 Hamar. Selskapet leverer str\u00f8m fra vannkraft produsert i Innlandet til kunder over hele Norge.<\/p>\n<p>Eidsiva er eid av Hedmark og Oppland fylkeskommuner, og 27 kommuner i begge fylker. Selskapet har ca. 1000 ansatte og konsernet driver ogs\u00e5 bl.a. med fjernvarme og bredb\u00e5nd.<\/p>\n<p>K\u00e5ret til Best i test i energibransjen under Kundeserviceprisen 2018. Hos Eidsiva Energi f\u00e5r du blant annet en rimelig spotprisavtale med elektronisk kundeforhold; <a href=\"https:\/\/online.adservicemedia.dk\/cgi-bin\/click.pl?pid=1418&amp;cid=7411\" target=\"_blank\" rel=\"noopener\">Eidsiva eSpot<\/a>.<\/p>\n<p><code><a href=\"https:\/\/online.adservicemedia.dk\/cgi-bin\/click.pl?bid=931183&amp;media_id=7861&amp;sub=bs_banner\" target=\"_blank\" rel=\"noopener\"><img decoding=\"async\" src=\"https:\/\/impr.adservicemedia.dk\/cgi-bin\/Services\/ImpressionService\/Image.pl?bid=931183&amp;media_id=7861&amp;sub=bs_banner\" \/><\/a><\/code><\/p>\n","protected":false},"excerpt":{"rendered":"<p>Eidsiva Energi er en nasjonal str\u00f8mleverand\u00f8r med hovedsete p\u00e5 Hamar. Selskapet leverer str\u00f8m fra vannkraft produsert i Innlandet til kunder over hele Norge. Eidsiva er eid av Hedmark og Oppland fylkeskommuner, og 27 kommuner i begge fylker. Selskapet har ca. &hellip; <a href=\"https:\/\/xn--billigststrm-5jb.no\/?page_id=205\">Les videre <span class=\"meta-nav\">&rarr;<\/span><\/a><\/p>\n","protected":false},"author":1,"featured_media":0,"parent":52,"menu_order":0,"comment_status":"closed","ping_status":"closed","template":"","meta":{"footnotes":""},"aioseo_notices":[],"_links":{"self":[{"href":"https:\/\/xn--billigststrm-5jb.no\/index.php?rest_route=\/wp\/v2\/pages\/205"}],"collection":[{"href":"https:\/\/xn--billigststrm-5jb.no\/index.php?rest_route=\/wp\/v2\/pages"}],"about":[{"href":"https:\/\/xn--billigststrm-5jb.no\/index.php?rest_route=\/wp\/v2\/types\/page"}],"author":[{"embeddable":true,"href":"https:\/\/xn--billigststrm-5jb.no\/index.php?rest_route=\/wp\/v2\/users\/1"}],"replies":[{"embeddable":true,"href":"https:\/\/xn--billigststrm-5jb.no\/index.php?rest_route=%2Fwp%2Fv2%2Fcomments&post=205"}],"version-history":[{"count":1,"href":"https:\/\/xn--billigststrm-5jb.no\/index.php?rest_route=\/wp\/v2\/pages\/205\/revisions"}],"predecessor-version":[{"id":206,"href":"https:\/\/xn--billigststrm-5jb.no\/index.php?rest_route=\/wp\/v2\/pages\/205\/revisions\/206"}],"up":[{"embeddable":true,"href":"https:\/\/xn--billigststrm-5jb.no\/index.php?rest_route=\/wp\/v2\/pages\/52"}],"wp:attachment":[{"href":"https:\/\/xn--billigststrm-5jb.no\/index.php?rest_route=%2Fwp%2Fv2%2Fmedia&parent=205"}],"curies":[{"name":"wp","href":"https:\/\/api.w.org\/{rel}","templated":true}]}}