{"id":30,"date":"2011-11-14T14:21:26","date_gmt":"2011-11-14T13:21:26","guid":{"rendered":"http:\/\/www.xn--billigstrm-8cb.no\/?page_id=30"},"modified":"2018-10-29T21:26:59","modified_gmt":"2018-10-29T20:26:59","slug":"ressurser-om-strom","status":"publish","type":"page","link":"https:\/\/xn--billigststrm-5jb.no\/?page_id=30","title":{"rendered":"Ressurser om str\u00f8m"},"content":{"rendered":"<p>Vil du l\u00e6re mer om hvilke typer kraft som finnes, hvor og hvordan disse produseres, hvordan kraftmarkedet fungerer og hvordan prisene settes?<\/p>\n<p>I jakten p\u00e5 billigst mulig str\u00f8m er det viktig \u00e5 holde seg orientert. Det er mange gode tilbud, men dessverre finnes det ogs\u00e5 avtaler man b\u00f8r holde seg unna. Vi anbefaler \u00e5 ta en titt p\u00e5 v\u00e5re <a href=\"https:\/\/www.kraftavtaler.no\/?page_id=95\">tips og r\u00e5d<\/a> for en kjapp innf\u00f8ring i hvordan man unng\u00e5r \u00e5 bli lurt som str\u00f8mkunde.<\/p>\n<p>Det er mye \u00e5 spare p\u00e5 \u00e5 velge en billig str\u00f8mleverand\u00f8r.\u00a0Alle str\u00f8mkunder i Norge m\u00e5 imidlertid betale for b\u00e5de nettleie og str\u00f8m; nettleien betaler du til det selskapet som eier str\u00f8mnettet i ditt omr\u00e5de og du kan alts\u00e5 ikke velge en annen leverand\u00f8r i s\u00e5 m\u00e5te.\u00a0V\u00e5r side om <a href=\"https:\/\/www.kraftavtaler.no\/?page_id=126\">nettleie\u00a0<\/a>byr p\u00e5 detaljer om hva denne omfatter.<\/p>\n<p>Les mer p\u00e5 f\u00f8lgende nettsteder:<\/p>\n<ul>\n<li>Den nordiske kraftb\u00f8rsen:\u00a0<a title=\"Nord Pool Spot\" href=\"http:\/\/nordpoolspot.com\/\" target=\"_blank\" rel=\"noopener\">Nordpool<\/a><\/li>\n<li>Milj\u00f8vennlig energi og energibruk: <a title=\"Enova\" href=\"http:\/\/enova.no\" target=\"_blank\" rel=\"noopener\">Enova<\/a><\/li>\n<li>Informasjon om kraftmarkedet: <a title=\"NVE\" href=\"http:\/\/www.nve.no\/no\/Kraftmarked\/\" target=\"_blank\" rel=\"noopener\">NVE<\/a><\/li>\n<li>Elsertifikater (&laquo;gr\u00f8nne sertifikater&raquo;): <a title=\"Om elsertifikater\" href=\"http:\/\/www.regjeringen.no\/nb\/dep\/oed\/tema\/fornybar-energi\/hva-er-gronne-sertifikater.html?id=517462\" target=\"_blank\" rel=\"noopener\">Regjeringen.no<\/a><\/li>\n<li>Forbrukerr\u00e5dets prisoversikt: <a title=\"Konkurransetilsynet\" href=\"https:\/\/www.strompris.no\/\" target=\"_blank\" rel=\"noopener\">Strompris.no<\/a><\/li>\n<li>Forbrukerr\u00e5dets portal: <a href=\"http:\/\/www.forbrukerradet.no\/\" target=\"_blank\" rel=\"noopener\">Forbrukerr\u00e5det<\/a><\/li>\n<\/ul>\n","protected":false},"excerpt":{"rendered":"<p>Vil du l\u00e6re mer om hvilke typer kraft som finnes, hvor og hvordan disse produseres, hvordan kraftmarkedet fungerer og hvordan prisene settes? I jakten p\u00e5 billigst mulig str\u00f8m er det viktig \u00e5 holde seg orientert. Det er mange gode tilbud, &hellip; <a href=\"https:\/\/xn--billigststrm-5jb.no\/?page_id=30\">Les videre <span class=\"meta-nav\">&rarr;<\/span><\/a><\/p>\n","protected":false},"author":1,"featured_media":0,"parent":0,"menu_order":0,"comment_status":"closed","ping_status":"open","template":"","meta":{"footnotes":""},"aioseo_notices":[],"_links":{"self":[{"href":"https:\/\/xn--billigststrm-5jb.no\/index.php?rest_route=\/wp\/v2\/pages\/30"}],"collection":[{"href":"https:\/\/xn--billigststrm-5jb.no\/index.php?rest_route=\/wp\/v2\/pages"}],"about":[{"href":"https:\/\/xn--billigststrm-5jb.no\/index.php?rest_route=\/wp\/v2\/types\/page"}],"author":[{"embeddable":true,"href":"https:\/\/xn--billigststrm-5jb.no\/index.php?rest_route=\/wp\/v2\/users\/1"}],"replies":[{"embeddable":true,"href":"https:\/\/xn--billigststrm-5jb.no\/index.php?rest_route=%2Fwp%2Fv2%2Fcomments&post=30"}],"version-history":[{"count":7,"href":"https:\/\/xn--billigststrm-5jb.no\/index.php?rest_route=\/wp\/v2\/pages\/30\/revisions"}],"predecessor-version":[{"id":217,"href":"https:\/\/xn--billigststrm-5jb.no\/index.php?rest_route=\/wp\/v2\/pages\/30\/revisions\/217"}],"wp:attachment":[{"href":"https:\/\/xn--billigststrm-5jb.no\/index.php?rest_route=%2Fwp%2Fv2%2Fmedia&parent=30"}],"curies":[{"name":"wp","href":"https:\/\/api.w.org\/{rel}","templated":true}]}}