{"id":52,"date":"2013-11-06T15:23:45","date_gmt":"2013-11-06T14:23:45","guid":{"rendered":"http:\/\/www.xn--billigstrm-8cb.no\/?page_id=52"},"modified":"2020-02-06T15:24:49","modified_gmt":"2020-02-06T14:24:49","slug":"stromleverandorer-i-norge","status":"publish","type":"page","link":"https:\/\/xn--billigststrm-5jb.no\/?page_id=52","title":{"rendered":"Str\u00f8mleverand\u00f8rer"},"content":{"rendered":"<p>Vi presenterer her en oversikt over norske str\u00f8mleverand\u00f8rer som tilbyr billigere str\u00f8m:<\/p>\n<p><a href=\"https:\/\/www.kraftavtaler.no\/?page_id=130\"><strong>Agva Kraft<\/strong><\/a> \u00f8nsker \u00e5 v\u00e6re prisledende for privatmarkedet, og tilbyr gunstige l\u00f8sninger med lettvint bestilling. Selskapet eies av Telinet Energi.<\/p>\n<p><a href=\"https:\/\/www.kraftavtaler.no\/?page_id=210\"><strong>Fjordkraft<\/strong><\/a>\u00a0tilbyr gode str\u00f8mavtaler for kunder i hele Norge. Selskapet tilbyr prismatch og forn\u00f8ydgaranti og eies av bl.a. BKK og Skagerak Energi.<\/p>\n<p><a title=\"Norgesenergi\" href=\"https:\/\/www.kraftavtaler.no\/?page_id=78\"><strong>NorgesEnergi<\/strong> <\/a>er en av Norges st\u00f8rste lavprisakt\u00f8rer p\u00e5 str\u00f8m, og tilbyr lave str\u00f8mpriser samt\u00a0gode fordelsprodukter for \u00e5 hjelpe kundene til \u00e5 kutte i str\u00f8mforbruket sitt.<\/p>\n<p>NorgesEnergi har flere produkter som er tilpasset forskjellige m\u00e5lgrupper, som for eksempel <a title=\"Topp 10-garanti\" href=\"https:\/\/online.adservicemedia.dk\/cgi-bin\/click.pl?cid=4728&amp;pid=1418&amp;media_id=7861&amp;deeplink=https%3A\/\/norgesenergi.no\/stromavtaler\/topp-10-garanti\/&amp;sub=bstopp10\" target=\"_blank\" rel=\"noopener noreferrer\">TOPP 10-GARANTI<\/a> som gir kundene en jevnere pris og garanti for at prisen vil v\u00e6re blant de 10 billigste p\u00e5 referanselisten.<\/p>\n<p><a href=\"https:\/\/www.kraftavtaler.no\/?page_id=205\"><strong>Eidsiva Energi<\/strong><\/a> leverer i hovedsak str\u00f8m fra vannkraft produsert i Innlandet til kunder over hele landet. Selskapet er basert p\u00e5 Hamar og skilter med \u00e5 ha levert str\u00f8m fra fornybare energikilder i over 100 \u00e5r.<\/p>\n","protected":false},"excerpt":{"rendered":"<p>Vi presenterer her en oversikt over norske str\u00f8mleverand\u00f8rer som tilbyr billigere str\u00f8m: Agva Kraft \u00f8nsker \u00e5 v\u00e6re prisledende for privatmarkedet, og tilbyr gunstige l\u00f8sninger med lettvint bestilling. Selskapet eies av Telinet Energi. Fjordkraft\u00a0tilbyr gode str\u00f8mavtaler for kunder i hele Norge. &hellip; <a href=\"https:\/\/xn--billigststrm-5jb.no\/?page_id=52\">Les videre <span class=\"meta-nav\">&rarr;<\/span><\/a><\/p>\n","protected":false},"author":1,"featured_media":0,"parent":0,"menu_order":0,"comment_status":"closed","ping_status":"open","template":"","meta":{"footnotes":""},"aioseo_notices":[],"_links":{"self":[{"href":"https:\/\/xn--billigststrm-5jb.no\/index.php?rest_route=\/wp\/v2\/pages\/52"}],"collection":[{"href":"https:\/\/xn--billigststrm-5jb.no\/index.php?rest_route=\/wp\/v2\/pages"}],"about":[{"href":"https:\/\/xn--billigststrm-5jb.no\/index.php?rest_route=\/wp\/v2\/types\/page"}],"author":[{"embeddable":true,"href":"https:\/\/xn--billigststrm-5jb.no\/index.php?rest_route=\/wp\/v2\/users\/1"}],"replies":[{"embeddable":true,"href":"https:\/\/xn--billigststrm-5jb.no\/index.php?rest_route=%2Fwp%2Fv2%2Fcomments&post=52"}],"version-history":[{"count":16,"href":"https:\/\/xn--billigststrm-5jb.no\/index.php?rest_route=\/wp\/v2\/pages\/52\/revisions"}],"predecessor-version":[{"id":245,"href":"https:\/\/xn--billigststrm-5jb.no\/index.php?rest_route=\/wp\/v2\/pages\/52\/revisions\/245"}],"wp:attachment":[{"href":"https:\/\/xn--billigststrm-5jb.no\/index.php?rest_route=%2Fwp%2Fv2%2Fmedia&parent=52"}],"curies":[{"name":"wp","href":"https:\/\/api.w.org\/{rel}","templated":true}]}}