{"id":64,"date":"2013-11-14T16:06:49","date_gmt":"2013-11-14T15:06:49","guid":{"rendered":"http:\/\/www.xn--billigstrm-8cb.no\/?page_id=64"},"modified":"2020-02-06T15:26:50","modified_gmt":"2020-02-06T14:26:50","slug":"hafslund","status":"publish","type":"page","link":"https:\/\/xn--billigststrm-5jb.no\/?page_id=64","title":{"rendered":"Hafslund"},"content":{"rendered":"<p><strong>Hafslund<\/strong> er Norges st\u00f8rste netteier, st\u00f8rst innen str\u00f8msalg og en stor produsent av fornybar energi. Du kan velge mellom flere ulike str\u00f8mavtaler:<\/p>\n<p><a title=\"Webspot\" href=\"https:\/\/online.adservicemedia.dk\/cgi-bin\/click.pl?bid=1553943&amp;media_id=7861\" target=\"_blank\" rel=\"noopener noreferrer\">Str\u00f8m til Spotpris <\/a>&#8211; En av landets billigste str\u00f8mavtaler for deg som \u00f8nsker alt elektronisk. Ingen bindingstid, ingen p\u00e5slag og 100% elektronisk&nbsp; administrasjon som gir deg full oversikt.<\/p>\n<p><a href=\"https:\/\/online.adservicemedia.dk\/cgi-bin\/click.pl?bid=1553969&amp;media_id=7861\" target=\"_blank\" rel=\"noopener noreferrer\"><img decoding=\"async\" src=\"https:\/\/impr.adservicemedia.dk\/cgi-bin\/Services\/ImpressionService\/Image.pl?bid=1553969&amp;media_id=7861\"><\/a><\/p>\n","protected":false},"excerpt":{"rendered":"<p>Hafslund er Norges st\u00f8rste netteier, st\u00f8rst innen str\u00f8msalg og en stor produsent av fornybar energi. Du kan velge mellom flere ulike str\u00f8mavtaler: Str\u00f8m til Spotpris &#8211; En av landets billigste str\u00f8mavtaler for deg som \u00f8nsker alt elektronisk. Ingen bindingstid, ingen &hellip; <a href=\"https:\/\/xn--billigststrm-5jb.no\/?page_id=64\">Les videre <span class=\"meta-nav\">&rarr;<\/span><\/a><\/p>\n","protected":false},"author":1,"featured_media":0,"parent":52,"menu_order":0,"comment_status":"closed","ping_status":"closed","template":"","meta":{"footnotes":""},"aioseo_notices":[],"_links":{"self":[{"href":"https:\/\/xn--billigststrm-5jb.no\/index.php?rest_route=\/wp\/v2\/pages\/64"}],"collection":[{"href":"https:\/\/xn--billigststrm-5jb.no\/index.php?rest_route=\/wp\/v2\/pages"}],"about":[{"href":"https:\/\/xn--billigststrm-5jb.no\/index.php?rest_route=\/wp\/v2\/types\/page"}],"author":[{"embeddable":true,"href":"https:\/\/xn--billigststrm-5jb.no\/index.php?rest_route=\/wp\/v2\/users\/1"}],"replies":[{"embeddable":true,"href":"https:\/\/xn--billigststrm-5jb.no\/index.php?rest_route=%2Fwp%2Fv2%2Fcomments&post=64"}],"version-history":[{"count":6,"href":"https:\/\/xn--billigststrm-5jb.no\/index.php?rest_route=\/wp\/v2\/pages\/64\/revisions"}],"predecessor-version":[{"id":246,"href":"https:\/\/xn--billigststrm-5jb.no\/index.php?rest_route=\/wp\/v2\/pages\/64\/revisions\/246"}],"up":[{"embeddable":true,"href":"https:\/\/xn--billigststrm-5jb.no\/index.php?rest_route=\/wp\/v2\/pages\/52"}],"wp:attachment":[{"href":"https:\/\/xn--billigststrm-5jb.no\/index.php?rest_route=%2Fwp%2Fv2%2Fmedia&parent=64"}],"curies":[{"name":"wp","href":"https:\/\/api.w.org\/{rel}","templated":true}]}}