{"id":78,"date":"2014-08-06T15:19:06","date_gmt":"2014-08-06T13:19:06","guid":{"rendered":"http:\/\/www.xn--billigstrm-8cb.no\/?page_id=78"},"modified":"2020-02-06T14:52:03","modified_gmt":"2020-02-06T13:52:03","slug":"norgesenergi","status":"publish","type":"page","link":"https:\/\/xn--billigststrm-5jb.no\/?page_id=78","title":{"rendered":"Norgesenergi"},"content":{"rendered":"<p>Norgesenergi er en av Norges st\u00f8rste lavprisakt\u00f8rer p\u00e5 str\u00f8m, og har spesialisert seg\u00a0p\u00e5 rimelig og effektiv kraftforsyning. Selskapet er et\u00a0datterselskap av Hafslund ASA, og har s\u00e5ledes solide eiere.<\/p>\n<p><span data-ccp-props=\"{&quot;201341983&quot;:0,&quot;335559739&quot;:160,&quot;335559740&quot;:259}\">Data fra\u00a0Energibarometeret (Kantar TNS, 2008 &#8211; 2018) viser at de fleste som har skiftet str\u00f8mleverand\u00f8r siden 2008 har valgt denne leverand\u00f8ren.<\/span> Norgesenergi har en visjon om \u00e5 v\u00e6re <em>&laquo;Utfordreren &#8211; som kjemper for \u00e5 kutte str\u00f8mutgiftene dine!&raquo;.<\/em><\/p>\n<p>Selskapet har for\u00f8vrig avtaler som gir kundene spesialrabatter hos st\u00f8rre kjeder, per i dag Elkj\u00f8p og Lefdal.<\/p>\n<p><a title=\"NorgesEnergi\" href=\"https:\/\/online.adservicemedia.dk\/cgi-bin\/click.pl?pid=1418&amp;cid=4728&amp;productGroup=500&amp;media_id=7861\" target=\"_blank\" rel=\"noopener\">Str\u00f8m til lavpris<\/a>\u00a0&#8211; En av landets billigste str\u00f8mavtaler. Str\u00f8m til innkj\u00f8pspris med lavt m\u00e5nedlig fastbel\u00f8p\/p\u00e5slag. Betaling med eFaktura eller Avtalegiro.<\/p>\n<p><code><br \/>\n<a href=\"http:\/\/tc.tradetracker.net\/?c=9122&amp;m=928004&amp;a=92617&amp;r=bs-ne-banner&amp;u=\" target=\"_blank\" rel=\"nofollow noopener\"><img decoding=\"async\" loading=\"lazy\" src=\"http:\/\/ti.tradetracker.net\/?c=9122&amp;m=928004&amp;a=92617&amp;r=bs-ne-banner&amp;t=html\" alt=\"\" width=\"300\" height=\"250\" border=\"0\" \/><\/a><br \/>\n<\/code><\/p>\n","protected":false},"excerpt":{"rendered":"<p>Norgesenergi er en av Norges st\u00f8rste lavprisakt\u00f8rer p\u00e5 str\u00f8m, og har spesialisert seg\u00a0p\u00e5 rimelig og effektiv kraftforsyning. Selskapet er et\u00a0datterselskap av Hafslund ASA, og har s\u00e5ledes solide eiere. Data fra\u00a0Energibarometeret (Kantar TNS, 2008 &#8211; 2018) viser at de fleste som &hellip; <a href=\"https:\/\/xn--billigststrm-5jb.no\/?page_id=78\">Les videre <span class=\"meta-nav\">&rarr;<\/span><\/a><\/p>\n","protected":false},"author":1,"featured_media":0,"parent":52,"menu_order":0,"comment_status":"closed","ping_status":"open","template":"","meta":{"footnotes":""},"aioseo_notices":[],"_links":{"self":[{"href":"https:\/\/xn--billigststrm-5jb.no\/index.php?rest_route=\/wp\/v2\/pages\/78"}],"collection":[{"href":"https:\/\/xn--billigststrm-5jb.no\/index.php?rest_route=\/wp\/v2\/pages"}],"about":[{"href":"https:\/\/xn--billigststrm-5jb.no\/index.php?rest_route=\/wp\/v2\/types\/page"}],"author":[{"embeddable":true,"href":"https:\/\/xn--billigststrm-5jb.no\/index.php?rest_route=\/wp\/v2\/users\/1"}],"replies":[{"embeddable":true,"href":"https:\/\/xn--billigststrm-5jb.no\/index.php?rest_route=%2Fwp%2Fv2%2Fcomments&post=78"}],"version-history":[{"count":7,"href":"https:\/\/xn--billigststrm-5jb.no\/index.php?rest_route=\/wp\/v2\/pages\/78\/revisions"}],"predecessor-version":[{"id":237,"href":"https:\/\/xn--billigststrm-5jb.no\/index.php?rest_route=\/wp\/v2\/pages\/78\/revisions\/237"}],"up":[{"embeddable":true,"href":"https:\/\/xn--billigststrm-5jb.no\/index.php?rest_route=\/wp\/v2\/pages\/52"}],"wp:attachment":[{"href":"https:\/\/xn--billigststrm-5jb.no\/index.php?rest_route=%2Fwp%2Fv2%2Fmedia&parent=78"}],"curies":[{"name":"wp","href":"https:\/\/api.w.org\/{rel}","templated":true}]}}