{"id":8,"date":"2011-11-11T14:49:13","date_gmt":"2011-11-11T13:49:13","guid":{"rendered":"http:\/\/www.xn--billigstrm-8cb.no\/?page_id=8"},"modified":"2023-11-01T17:48:14","modified_gmt":"2023-11-01T16:48:14","slug":"billigst-strom-finn-en-billigere-kraftleverandor","status":"publish","type":"page","link":"https:\/\/xn--billigststrm-5jb.no\/","title":{"rendered":"Billigst str\u00f8m \u2013 finn en billigere kraftleverand\u00f8r!"},"content":{"rendered":"<p>Det kan v\u00e6re betydelige summer \u00e5 spare p\u00e5 \u00e5 bytte til en av Norges billigste str\u00f8mleverand\u00f8rer. Du b\u00f8r derfor vurdere hvilken type str\u00f8mavtale som passer best til dine behov, og sjekke prisene p\u00e5 en slik avtale hos flere leverand\u00f8rer. Du kan bytte str\u00f8mleverand\u00f8r raskt og enkelt, selv om nettleien fremdeles vil m\u00e5tte betales til din lokale leverand\u00f8r. De fleste str\u00f8mleverand\u00f8rer h\u00e5ndterer ogs\u00e5 nettleiebetalingen for deg slik at du f\u00e5r alt p\u00e5 \u00e9n faktura &#8211; praktisk og greit.<br \/>\n<code><br \/>\n<\/code> Det finnes i hovedsak tre typer str\u00f8mavtaler:<\/p>\n<ul>\n<li>Spotpris\/markedskraft<\/li>\n<li>Standard variabel pris<\/li>\n<li>Fast pris<\/li>\n<\/ul>\n<p><strong>Spotpris\/markedskraft<\/strong> f\u00f8lger markedsprisen p\u00e5 kraftb\u00f8rsen <a title=\"Nordpool\" href=\"http:\/\/nordpoolspot.com\/\" target=\"_blank\" rel=\"noopener noreferrer\">NordPool<\/a>. Kraftleverand\u00f8rene beregner en gjennomsnittlig spotpris, og legger typisk p\u00e5 en margin enten per kilowattime eller i form av et fast bel\u00f8p per m\u00e5ned.<\/p>\n<p><strong>Standard variabel pris<\/strong> har v\u00e6rt den vanlige formen for kraftavtale. Her varierer prisen i takt med markedet, men ikke s\u00e5 raskt som ved spotpris. Leverand\u00f8rene m\u00e5 varsle prisendringer f\u00f8r de nye prisene trer i kraft.<\/p>\n<p><strong>Fast pris<\/strong> gj\u00f8r det mulig \u00e5 sikre seg en forutsigbar pris p\u00e5 str\u00f8m, ved \u00e5 binde seg til en gitt pris i f.eks. 1 eller 3 \u00e5r. Typisk vil denne v\u00e6re h\u00f8yere enn spotprisen i perioden, men samtidig unng\u00e5r man risikoen for ekstremt h\u00f8ye priser grunnet uforutsette situasjoner. Denne risikoen tar leverand\u00f8rene, og de tar seg ogs\u00e5 betalt for det.<\/p>\n<p>Her kan du se et utvalg str\u00f8mavtaler innenfor de nevnte kategoriene:<\/p>\n<p><a title=\"NorgesEnergi Spot\" href=\"https:\/\/online.adservicemedia.dk\/cgi-bin\/click.pl?pid=1418&amp;cid=4728&amp;productGroup=500&amp;media_id=7861\" target=\"_blank\" rel=\"noopener noreferrer\">NorgesEnergi &#8211; Str\u00f8m til lavpris:<\/a> Bestselgende spotprisavtale som inkluderer lovp\u00e5lagte elsertifikatkostnader. Ingen bindingstid.<\/p>\n<p><a href=\"https:\/\/online.adservicemedia.dk\/cgi-bin\/click.pl?bid=712084&amp;media_id=7861\" target=\"_blank\" rel=\"noopener noreferrer\">Agva Kraft Spot Valgfri <\/a>&#8211; Kampanje p\u00e5 spotavtale basert p\u00e5 innkj\u00f8pspris, uten m\u00e5nedsgebyr og med etterskuddsvis fakturering. AgvaKraft inkluderer 100% fornybar energi.<\/p>\n<p><a href=\"https:\/\/online.adservicemedia.dk\/cgi-bin\/click.pl?pid=1418&amp;cid=7411\" target=\"_blank\" rel=\"noopener noreferrer\">Eidsiva eSpot<\/a> &#8211; en &laquo;heldigital&raquo; og rimelig str\u00f8mavtale for deg som \u00f8nsker et elektronisk kundeforhold.\u00a0Prisen baserer seg p\u00e5 den m\u00e5nedlige gjennomsnittsprisen p\u00e5 kraftb\u00f8rsen.<\/p>\n<p><a href=\"https:\/\/track.adtraction.com\/t\/t?a=1226603871&amp;as=1073957013&amp;t=2&amp;tk=1&amp;url=https:\/\/www.fjordkraft.no\/privat\/stromavtaler\/forutsigbar\" target=\"_blank\" rel=\"noopener noreferrer\">Fjordkraft Forutsigbar str\u00f8m<\/a> &#8211; en avtale som gir mer stabil str\u00f8mpris;\u00a0prisen fastsettes for minst 2 uker. Dersom det blir prisendring f\u00e5r du varsel minimum 14 dager f\u00f8r, slik at du alltid vet hva du skal betale.<\/p>\n<p><a href=\"https:\/\/track.adtraction.com\/t\/t?a=1337178327&amp;as=1073957013&amp;t=2&amp;tk=1\" target=\"_blank\" rel=\"noopener noreferrer\">Dalane Energi &#8211; Kraft24:<\/a> Spotprisprodukt uten faste m\u00e5nedsavgifter, som kan skilte med ingen bindingstid og ingen forskuddsbetaling. Egen app med fakturainformasjon, prognoser og fordelsprogram.<\/p>\n<p>Ofte forutsetter de aller rimeligste spotprisavtalene et &laquo;elektronisk avtaleforhold&raquo; der kunden selv administrerer abonnementet gjennom selskapets kundesider, og fakturering skjer med eFaktura eller Avtalegiro. Disse str\u00f8mavtalene er gjerne kun tilgjengelige ved bestilling p\u00e5 web, eksempelvis gjelder dette <a href=\"https:\/\/online.adservicemedia.dk\/cgi-bin\/click.pl?pid=1418&amp;cid=4728&amp;productGroup=500&amp;media_id=7861\" target=\"_blank\" rel=\"noopener noreferrer\">NorgesEnergi &#8211; Str\u00f8m til lavpris<\/a>.<\/p>\n<p>Et annet alternativ kan v\u00e6re <a title=\"NorgesEnergi - Topp 10-Garanti\" href=\"https:\/\/online.adservicemedia.dk\/cgi-bin\/click.pl?cid=4728&amp;pid=1418&amp;media_id=7861&amp;deeplink=https%3A\/\/norgesenergi.no\/stromavtaler\/topp-10-garanti\/&amp;sub=bstopp10\" target=\"_blank\" rel=\"noopener noreferrer\">Topp 10-Garanti<\/a> fra NorgesEnergi, som gir deg trygghet for en konkurransedyktig pris m\u00e5lt mot \u00f8vrige leverand\u00f8rer (velg &laquo;se flere produkter&raquo;).<\/p>\n<div style=\"width: 207px\" class=\"wp-caption alignleft\"><img decoding=\"async\" loading=\"lazy\" class=\" \" title=\"Billig str\u00f8m fra vannkraft\" src=\"\/wp-includes\/images\/vannkraft.jpg\" alt=\"Vannkraft gir tilgang p\u00e5 ren og billig str\u00f8m\" width=\"197\" height=\"240\" \/><p class=\"wp-caption-text\">Vannkraft gir\u00a0oss ren og billig str\u00f8m<\/p><\/div>\n<p>Vannkraft er en fornybar energikilde som vi her i Norge er heldige og har rik tilgang p\u00e5. Norge har lange tradisjoner p\u00e5 utnyttelse av vannkraft. Vi er per i dag Europas st\u00f8rste produsent, og den 6. st\u00f8rste i verden.<\/p>\n<p>Vannkraft er en type energiproduksjon som medf\u00f8rer f\u00e5 negative milj\u00f8messige konsekvenser, spesielt kontra fossile energikilder som olje, gass og kull.<\/p>\n<p>Norske husstander benytter i stor grad vannkraft for \u00e5 dekke sitt kraftbehov. I tillegg importeres vindkraft fra Danmark, \u00a0samt str\u00f8m fra atomkraftverker og fossile kraftverker i Sverige, Danmark og Finland.<\/p>\n","protected":false},"excerpt":{"rendered":"<p>Det kan v\u00e6re betydelige summer \u00e5 spare p\u00e5 \u00e5 bytte til en av Norges billigste str\u00f8mleverand\u00f8rer. Du b\u00f8r derfor vurdere hvilken type str\u00f8mavtale som passer best til dine behov, og sjekke prisene p\u00e5 en slik avtale hos flere leverand\u00f8rer. Du &hellip; <a href=\"https:\/\/xn--billigststrm-5jb.no\/\">Les videre <span class=\"meta-nav\">&rarr;<\/span><\/a><\/p>\n","protected":false},"author":1,"featured_media":0,"parent":0,"menu_order":0,"comment_status":"closed","ping_status":"closed","template":"","meta":{"footnotes":""},"aioseo_notices":[],"_links":{"self":[{"href":"https:\/\/xn--billigststrm-5jb.no\/index.php?rest_route=\/wp\/v2\/pages\/8"}],"collection":[{"href":"https:\/\/xn--billigststrm-5jb.no\/index.php?rest_route=\/wp\/v2\/pages"}],"about":[{"href":"https:\/\/xn--billigststrm-5jb.no\/index.php?rest_route=\/wp\/v2\/types\/page"}],"author":[{"embeddable":true,"href":"https:\/\/xn--billigststrm-5jb.no\/index.php?rest_route=\/wp\/v2\/users\/1"}],"replies":[{"embeddable":true,"href":"https:\/\/xn--billigststrm-5jb.no\/index.php?rest_route=%2Fwp%2Fv2%2Fcomments&post=8"}],"version-history":[{"count":63,"href":"https:\/\/xn--billigststrm-5jb.no\/index.php?rest_route=\/wp\/v2\/pages\/8\/revisions"}],"predecessor-version":[{"id":254,"href":"https:\/\/xn--billigststrm-5jb.no\/index.php?rest_route=\/wp\/v2\/pages\/8\/revisions\/254"}],"wp:attachment":[{"href":"https:\/\/xn--billigststrm-5jb.no\/index.php?rest_route=%2Fwp%2Fv2%2Fmedia&parent=8"}],"curies":[{"name":"wp","href":"https:\/\/api.w.org\/{rel}","templated":true}]}}